{"id":1028,"date":"2019-04-03T12:54:51","date_gmt":"2019-04-03T12:54:51","guid":{"rendered":"https:\/\/ttc-teleport.cz\/?page_id=1028"},"modified":"2024-02-23T15:10:54","modified_gmt":"2024-02-23T14:10:54","slug":"produkte","status":"publish","type":"page","link":"https:\/\/ttc-teleport.cz\/de\/produkte\/","title":{"rendered":"Produkte"},"content":{"rendered":"<h2 style=\"text-align: center;\">WAS K\u00d6NNEN WIR IHNEN ANBIETEN?<\/h2>\n<p style=\"text-align: justify;\">Wir erbringen individuelle Dienstleistungen, die auf die tats\u00e4chlichen Bed\u00fcrfnisse und Anforderungen der Kunden abzielen. Die technische L\u00f6sung einer Dienstleistung konsultieren wir stets mit dem Kunden und die eigentlichen Parameter der Dienstleistung stellt jeder Kunde selbst ein. So k\u00f6nnen sich die Kunden frei entscheiden, wie hochwertig die Dienstleistung sein soll, die sie bei uns erstellen und kaufen. Wir dr\u00e4ngen und \u00fcberreden die Kunden zu keiner unifizierten L\u00f6sung. Damit die resultierende Dienstleistung dem Kunden wirklich nutzt, stellen wir beim Entwurf einer Dienstleistung stets v\u00f6llig offene und nichtmanipulierte Informationen bereit. Wir haben eine un\u00fcberschaubare Menge an Varianten unserer Dienstleistungen vorbereitet.<\/p>\n","protected":false},"excerpt":{"rendered":"<p>WAS K\u00d6NNEN WIR IHNEN ANBIETEN? Wir erbringen individuelle Dienstleistungen, die auf die tats\u00e4chlichen Bed\u00fcrfnisse und Anforderungen der Kunden abzielen. Die technische L\u00f6sung einer Dienstleistung konsultieren wir stets mit dem Kunden und die eigentlichen Parameter der Dienstleistung stellt jeder Kunde selbst ein. So k\u00f6nnen sich die Kunden frei entscheiden, wie hochwertig die Dienstleistung sein soll, die [&#8230;]<\/p>\n","protected":false},"author":3,"featured_media":0,"parent":0,"menu_order":0,"comment_status":"closed","ping_status":"closed","template":"page-products.php","meta":{"_acf_changed":false,"_monsterinsights_skip_tracking":false,"_monsterinsights_sitenote_active":false,"_monsterinsights_sitenote_note":"","_monsterinsights_sitenote_category":0,"footnotes":""},"class_list":["post-1028","page","type-page","status-publish","hentry"],"acf":[],"_links":{"self":[{"href":"https:\/\/ttc-teleport.cz\/de\/wp-json\/wp\/v2\/pages\/1028","targetHints":{"allow":["GET"]}}],"collection":[{"href":"https:\/\/ttc-teleport.cz\/de\/wp-json\/wp\/v2\/pages"}],"about":[{"href":"https:\/\/ttc-teleport.cz\/de\/wp-json\/wp\/v2\/types\/page"}],"author":[{"embeddable":true,"href":"https:\/\/ttc-teleport.cz\/de\/wp-json\/wp\/v2\/users\/3"}],"replies":[{"embeddable":true,"href":"https:\/\/ttc-teleport.cz\/de\/wp-json\/wp\/v2\/comments?post=1028"}],"version-history":[{"count":6,"href":"https:\/\/ttc-teleport.cz\/de\/wp-json\/wp\/v2\/pages\/1028\/revisions"}],"predecessor-version":[{"id":2194,"href":"https:\/\/ttc-teleport.cz\/de\/wp-json\/wp\/v2\/pages\/1028\/revisions\/2194"}],"wp:attachment":[{"href":"https:\/\/ttc-teleport.cz\/de\/wp-json\/wp\/v2\/media?parent=1028"}],"curies":[{"name":"wp","href":"https:\/\/api.w.org\/{rel}","templated":true}]}}