{"id":1037,"date":"2019-04-04T04:32:25","date_gmt":"2019-04-04T04:32:25","guid":{"rendered":"https:\/\/ttc-teleport.cz\/?page_id=1037"},"modified":"2019-04-11T14:14:55","modified_gmt":"2019-04-11T14:14:55","slug":"datencenter","status":"publish","type":"page","link":"https:\/\/ttc-teleport.cz\/de\/datencenter\/","title":{"rendered":"Datencenter"},"content":{"rendered":"<h3>QUALIT\u00c4TSDATENCENTER,<br \/>\nDIE IHREN KUNDEN NICHT KONKURRIEREN<\/h3>\n<p>Langj\u00e4hrige Erfahrungen mit dem Aufbau und Betrieb des Datencenters TTC DC1 in Prag (Tiska\u0159sk\u00e1-Stra\u00dfe) waren die Basis f\u00fcr den Entwurf und Bau des TTC DC2 (Saze\u010dsk\u00e1-Stra\u00dfe) in hoher Qualit\u00e4t. Unsere Spezialisten, die sich am Aufbau des TTC DC2 beteiligten, geh\u00f6ren zweifellos <strong>zu den erfahrensten Fachleuten in den Bereichen Entwurf, Bau und Betrieb von Datencentern<\/strong>. Unsere hochwertigen Dienstleistungen sind der Schl\u00fcssel zu unserem Erfolg.<\/p>\n<p>Zurzeit besitzen und betreiben wir <strong>zwei Datencenter<\/strong> auf dem Gebiet der Hauptstadt Prag. Das erste, als TTC DC1 bezeichnete Datencenter in der Tiska\u0159sk\u00e1-Stra\u00dfe wird seit 2001 betrieben und st\u00e4ndig erweitert. Das zweite Datencenter unter der Abk\u00fcrzung TTC DC2 in der Saze\u010dsk\u00e1-Stra\u00dfe ist seit 1. November 2015 in Betrieb. Das Datencenter TTC DC2 ist das gr\u00f6\u00dfte <strong>und modernste Datenzentrum in Mittel- und Osteuropa<\/strong>. Mit seiner Ausstattung, gr\u00fcndlichen Absicherung und dem einzigartigen Herangehen an die erbrachten Leistungen hebt das TTC DC2 die Standards der kommerziellen Datencenter auf ein neues Niveau. Im Jahr 2016 erlangten wir die Zertifizierung TIER III und erf\u00fcllten so die anspruchsvollen Bedingungen f\u00fcr die weltweit entwickeltsten Datencenter.<!--more--><\/p>\n<p>Als erstes und bislang einziges auf dem europ\u00e4ischen Markt bietet TTC TELEPORT eine Betriebsumgebung (Temperatur, Luftfeuchtigkeit) nach dem Standard ASHRAE TC 9.9 \u2013 2011 Thermal Guidelines for Data Processing Environments, was unseren Kunden eine <strong>ausreichende Flexibilit\u00e4t bei der Optimierung ihrer Betriebskosten<\/strong> bringt. Das gesamte Konzept unserer Dienstleistungen ist zugleich so ausgelegt, dass es allen Kundengruppen entgegenkommt.<\/p>\n<p>In den R\u00e4umen von TTC TELEPORT entstehen ann\u00e4hernd 60&nbsp;% des tschechischen Internetbetriebs. In den TTC Datencentern werden \u00fcber <strong>eine Million Betriebs- und Sicherheitsdaten pro Sekunde<\/strong> \u00fcberwacht und online ausgewertet. Diese betrieblichen Daten geben ein Gesamtbild \u00fcber den Zustand der technologischen Ausstattung des Datencenters. Das durchdachte \u00dcberwachungssystem wird st\u00e4ndig weiter entwickelt, so dass es in der Lage ist, auf Kundenw\u00fcnsche, neue Erfahrungen sowie Neuheiten im Betrieb von Datencentern zu reagieren.<\/p>\n<p>Wir haben zwischen unseren Datencentern TTC DC1 und TTC DC2 eine gedoppelte (redundante) optische Infrastruktur aufgebaut, die nicht nur den Kunden der TTC Datencenter dient, sondern auch <strong>Teil der Lichtwellenleiter-Hauptstrecken wichtiger, auf dem lokalen, europ\u00e4ischen und weltweiten Markt agierender Telekommunikationsunternehmen ist<\/strong>.<\/p>\n<p>Wir legen Wert auf <strong>v\u00f6llige Neutralit\u00e4t<\/strong> und Transparenz. Die Neutralit\u00e4tsphilosophie umfasst auch das Thema Zugang der Telekommunikationsunternehmen zu allen Datencentern der TTC TELEPORT. Wir kommen jedem entgegen, der die Einf\u00fchrung einer Datenleitung welcher Art auch immer in das TTC TELEPORT Datencenter w\u00fcnscht.<\/p>\n<p>F\u00fcr einen ausfallfreien Betrieb der Stromversorgung in hoher Qualit\u00e4t wird jedes unserer Datencentern mit <strong>zwei v\u00f6llig unabh\u00e4ngigen Stromanschl\u00fcssen 2 x 10MW (22kV) versorgt<\/strong>. Die Anschl\u00fcsse f\u00fchren in die beiden unabh\u00e4ngigen 110 kV Umspannwerke Male\u0161ice und M\u011bcholupy. Als einzige Datencenter in Tschechien haben TTC DC1 und TTC DC2 eine selbstst\u00e4ndige Hochspannungs-Trennstation und eine vorbehaltene 10 MW Kabelleitung. <strong>An keinem<\/strong> der 22 kV Stromanschl\u00fcsse<strong> ist oder wird ein anderer Abnehmer angeschlossen<\/strong>. Dieses \u00fcber den Standard hinausgehende Modell des Energieanschlusses findet man in den europ\u00e4ischen Datencentern nur ausnahmsweise vor.<\/p>\n","protected":false},"excerpt":{"rendered":"<p>QUALIT\u00c4TSDATENCENTER, DIE IHREN KUNDEN NICHT KONKURRIEREN Langj\u00e4hrige Erfahrungen mit dem Aufbau und Betrieb des Datencenters TTC DC1 in Prag (Tiska\u0159sk\u00e1-Stra\u00dfe) waren die Basis f\u00fcr den Entwurf und Bau des TTC DC2 (Saze\u010dsk\u00e1-Stra\u00dfe) in hoher Qualit\u00e4t. Unsere Spezialisten, die sich am Aufbau des TTC DC2 beteiligten, geh\u00f6ren zweifellos zu den erfahrensten Fachleuten in den Bereichen Entwurf, [&#8230;]<\/p>\n","protected":false},"author":3,"featured_media":575,"parent":0,"menu_order":0,"comment_status":"closed","ping_status":"closed","template":"page-datova-centra.php","meta":{"_acf_changed":false,"_monsterinsights_skip_tracking":false,"_monsterinsights_sitenote_active":false,"_monsterinsights_sitenote_note":"","_monsterinsights_sitenote_category":0,"footnotes":""},"class_list":["post-1037","page","type-page","status-publish","has-post-thumbnail","hentry"],"acf":[],"_links":{"self":[{"href":"https:\/\/ttc-teleport.cz\/de\/wp-json\/wp\/v2\/pages\/1037","targetHints":{"allow":["GET"]}}],"collection":[{"href":"https:\/\/ttc-teleport.cz\/de\/wp-json\/wp\/v2\/pages"}],"about":[{"href":"https:\/\/ttc-teleport.cz\/de\/wp-json\/wp\/v2\/types\/page"}],"author":[{"embeddable":true,"href":"https:\/\/ttc-teleport.cz\/de\/wp-json\/wp\/v2\/users\/3"}],"replies":[{"embeddable":true,"href":"https:\/\/ttc-teleport.cz\/de\/wp-json\/wp\/v2\/comments?post=1037"}],"version-history":[{"count":7,"href":"https:\/\/ttc-teleport.cz\/de\/wp-json\/wp\/v2\/pages\/1037\/revisions"}],"predecessor-version":[{"id":1337,"href":"https:\/\/ttc-teleport.cz\/de\/wp-json\/wp\/v2\/pages\/1037\/revisions\/1337"}],"wp:featuredmedia":[{"embeddable":true,"href":"https:\/\/ttc-teleport.cz\/de\/wp-json\/wp\/v2\/media\/575"}],"wp:attachment":[{"href":"https:\/\/ttc-teleport.cz\/de\/wp-json\/wp\/v2\/media?parent=1037"}],"curies":[{"name":"wp","href":"https:\/\/api.w.org\/{rel}","templated":true}]}}