{"id":978,"date":"2019-04-01T18:51:17","date_gmt":"2019-04-01T18:51:17","guid":{"rendered":"https:\/\/ttc-teleport.cz\/?page_id=978"},"modified":"2019-04-16T10:21:56","modified_gmt":"2019-04-16T10:21:56","slug":"demoportal","status":"publish","type":"page","link":"https:\/\/ttc-teleport.cz\/de\/demoportal\/","title":{"rendered":"DEMO DES KUNDENPORTALS"},"content":{"rendered":"<p style=\"text-align: justify;\">Das Kundenportal ist der Benutzerzugang zum Aufsichts- und \u00dcberwachungssystem TTC TELEPORT MIDS. In der DEMO-Version steht eine begrenzte Online-Datenanzeige in Form eines grafischen Blicks auf ausgew\u00e4hlte Datens\u00e4le, Anlagegruppen, Technologie sowie ein logisches Verhaltensmodell der einzelnen Komponenten des Datencenters zur Verf\u00fcgung.<\/p>\n<p><b><a class=\"blue\" href=\"https:\/\/portal.ttc-teleport.cz\/DC2\/L1\/\" target=\"_blank\" rel=\"noopener noreferrer\">Das Anmelden<\/a>\u00a0erfolgt durch Eingabe des Benutzernamens \u201edemo\u201c und des Passworts \u201eheslo\u201c im\u00a0<a class=\"blue\" href=\"https:\/\/portal.ttc-teleport.cz\/DC2\/L1\/\" target=\"_blank\" rel=\"noopener noreferrer\">Authentifizierungsformular<\/a>.<\/b><\/p>\n<p style=\"text-align: justify;\">Nach dem Anmelden und der Initialisierung der Bildschirme werden im linken oberen Teil die Registerkarten der einzelnen Bildschirme dargestellt. Im rechten oberen Teil erscheinen ein \u00dcbergang zum Diagramm-Modul L2 und der Icon \u201e?\u201c zur Darstellung einer kompletten Hilfe f\u00fcr die Steuerung. Nach einem Mausklick auf ein konkretes Objekt erscheinen im rechten Teil Signale. Grau schraffierte Objekte k\u00f6nnen nicht angeklickt werden, es handelt sich um informative Darstellungen. Die wei\u00dfen Objekte enthalten lediglich Signale, bei den farbigen Objekten \u00e4ndern sich die Farben je nach der Auswertung des logischen Modells. Mehr Informationen werden nach einem Klick auf den Icon \u201e?\u201c in der rechten oberen Ecke angezeigt.<\/p>\n<p style=\"text-align: justify;\">Wenn Sie Interesse an n\u00e4heren Informationen \u00fcber das Aufsichts- und \u00dcberwachungssystem TTC TELEPORT MIDS haben, wenden Sie sich bitte an uns. Gern stellen wir Ihnen s\u00e4mtliche Vorteile dieses einzigartigen Tools vor.<!--more--><\/p>\n<img loading=\"lazy\" decoding=\"async\" class=\"alignnone wp-image-891 size-full\" src=\"https:\/\/ttc-teleport.cz\/wp-content\/uploads\/sites\/5\/2019\/03\/demo_portalu-1.png\" alt=\"\" width=\"872\" height=\"267\" srcset=\"https:\/\/ttc-teleport.cz\/wp-content\/uploads\/sites\/5\/2019\/03\/demo_portalu-1.png 872w, https:\/\/ttc-teleport.cz\/wp-content\/uploads\/sites\/5\/2019\/03\/demo_portalu-1-300x92.png 300w, https:\/\/ttc-teleport.cz\/wp-content\/uploads\/sites\/5\/2019\/03\/demo_portalu-1-768x235.png 768w\" sizes=\"auto, (max-width: 872px) 100vw, 872px\" \/>\n","protected":false},"excerpt":{"rendered":"<p>Das Kundenportal ist der Benutzerzugang zum Aufsichts- und \u00dcberwachungssystem TTC TELEPORT MIDS. In der DEMO-Version steht eine begrenzte Online-Datenanzeige in Form eines grafischen Blicks auf ausgew\u00e4hlte Datens\u00e4le, Anlagegruppen, Technologie sowie ein logisches Verhaltensmodell der einzelnen Komponenten des Datencenters zur Verf\u00fcgung. <a class=\"blue\" href=\"https:\/\/portal.ttc-teleport.cz\/DC2\/L1\/\" target=\"_blank\" rel=\"noopener noreferrer\">Das Anmelden<\/a>\u00a0erfolgt durch Eingabe des Benutzernamens \u201edemo\u201c und des Passworts [&#8230;]<\/p>\n","protected":false},"author":2,"featured_media":0,"parent":0,"menu_order":0,"comment_status":"closed","ping_status":"closed","template":"page-common.php","meta":{"_acf_changed":false,"_monsterinsights_skip_tracking":false,"_monsterinsights_sitenote_active":false,"_monsterinsights_sitenote_note":"","_monsterinsights_sitenote_category":0,"footnotes":""},"class_list":["post-978","page","type-page","status-publish","hentry"],"acf":[],"_links":{"self":[{"href":"https:\/\/ttc-teleport.cz\/de\/wp-json\/wp\/v2\/pages\/978","targetHints":{"allow":["GET"]}}],"collection":[{"href":"https:\/\/ttc-teleport.cz\/de\/wp-json\/wp\/v2\/pages"}],"about":[{"href":"https:\/\/ttc-teleport.cz\/de\/wp-json\/wp\/v2\/types\/page"}],"author":[{"embeddable":true,"href":"https:\/\/ttc-teleport.cz\/de\/wp-json\/wp\/v2\/users\/2"}],"replies":[{"embeddable":true,"href":"https:\/\/ttc-teleport.cz\/de\/wp-json\/wp\/v2\/comments?post=978"}],"version-history":[{"count":5,"href":"https:\/\/ttc-teleport.cz\/de\/wp-json\/wp\/v2\/pages\/978\/revisions"}],"predecessor-version":[{"id":1350,"href":"https:\/\/ttc-teleport.cz\/de\/wp-json\/wp\/v2\/pages\/978\/revisions\/1350"}],"wp:attachment":[{"href":"https:\/\/ttc-teleport.cz\/de\/wp-json\/wp\/v2\/media?parent=978"}],"curies":[{"name":"wp","href":"https:\/\/api.w.org\/{rel}","templated":true}]}}