{"id":898,"date":"2019-03-31T06:32:59","date_gmt":"2019-03-31T06:32:59","guid":{"rendered":"https:\/\/ttc-teleport.cz\/?page_id=898"},"modified":"2019-04-11T14:12:12","modified_gmt":"2019-04-11T14:12:12","slug":"data-centres","status":"publish","type":"page","link":"https:\/\/ttc-teleport.cz\/en\/data-centres\/","title":{"rendered":"Data centres"},"content":{"rendered":"<h3 style=\"text-align: center;\">QUALITY DATA CENTRES<br \/>\nWHICH DO NOT COMPETE WITH THEIR CUSTOMERS<\/h3>\n<p style=\"text-align: justify;\">Our TTC DC2 (Saze\u010dsk\u00e1) was designed and constructed on the basis of our years of experience with building and operating the TTC DC1 data centre (Tiska\u0159sk\u00e1). Our specialists involved in setting up TTC DC2 are undoubtedly some\u00a0<strong>of the most experienced experts in data centre design, construction and operation<\/strong>. Our service quality is a key factor in our success.<\/p>\n<p style=\"text-align: justify;\">We currently own and operate\u00a0<strong>two data centres<\/strong>\u00a0within the City of Prague. The first data centre, known as TTC DC1 in Tiska\u0159sk\u00e1, has been in operation and expanded since 2001. The second data centre, TTC DC2 in Saze\u010dsk\u00e1, has been in operation since 1st November 2015. The TTC DC2 data centre is\u00a0<strong>the largest and most modern data centre in Central and Eastern Europe<\/strong>.\u00a0With its equipment, tight security and unique access to the services it provides, TTC DC2 is raising the standards of commercial data centres. In 2016 we were awarded TIER III certification, thus meeting the demanding conditions stipulated for the most advanced data centres around the world.<!--more--><\/p>\n<p style=\"text-align: justify;\">TTC TELEPORT was the first and so far the only firm on the European market to offer an operational environment (temperature, humidity) according to the ASHRAE TC 9.9 \u2013 2011 Thermal Guidelines for Data Processing Environments standard, which gives our customers\u00a0<strong>ample flexibility in optimising their operational costs<\/strong>.\u00a0The entire concept of our services is also designed to cater to the needs of all groups of customers.<\/p>\n<p style=\"text-align: justify;\">Approximately 60&nbsp;% of Czech internet traffic originates at TTC TELEPORT. The TTC data centres monitor and evaluated more than\u00a0<strong>one million operational and security signals per second<\/strong>. These data provide an overall view of the status of the data centre\u2019s technology. Our sophisticated monitoring system is constantly being developed to be capable of reacting to the needs of customers, to new experience and to new advances in data centre operation.<\/p>\n<p style=\"text-align: justify;\">We have built backup (redundant) optical infrastructure between the TTC DC1 and TTC DC2 data centres, which not only serves customers of the TTC data centre, but\u00a0<strong>is also part of the backbone optical lines of major telecommunications operators on the local, European and world markets<\/strong>.<\/p>\n<p style=\"text-align: justify;\">Our creed is based on\u00a0<strong>absolute neutrality<\/strong>\u00a0and transparency. Our philosophy of neutrality also includes access for telecommunications operators to all TTC TELEPORT data centres. We comply whenever any entity asks to have any data line connected up to a TTC TELEPORT data centre.<\/p>\n<p style=\"text-align: justify;\">To ensure quality and uninterrupted power each of our data centres\u00a0<strong>is powered by two completely independent 2 x 10MW (22kV) power connections<\/strong>.\u00a0These connections are fed from two independent 110kV switchboards (substations) in Male\u0161ice and M\u011bcholupy. TTC DC1 and TTC DC2 are the only data centres in the Czech Republic to have separate HV transformer stations and a dedicated 10MW cable line.\u00a0<strong>No other customer is connected<\/strong>\u00a0to all 22kV electrical connections and never will be. This above-standard model for connecting electricity is exceptionally rare in European data centres.<\/p>\n","protected":false},"excerpt":{"rendered":"<p>QUALITY DATA CENTRES WHICH DO NOT COMPETE WITH THEIR CUSTOMERS Our TTC DC2 (Saze\u010dsk\u00e1) was designed and constructed on the basis of our years of experience with building and operating the TTC DC1 data centre (Tiska\u0159sk\u00e1). Our specialists involved in setting up TTC DC2 are undoubtedly some\u00a0of the most experienced experts in data centre design, [&#8230;]<\/p>\n","protected":false},"author":3,"featured_media":574,"parent":0,"menu_order":0,"comment_status":"closed","ping_status":"closed","template":"page-datova-centra.php","meta":{"_acf_changed":false,"_monsterinsights_skip_tracking":false,"_monsterinsights_sitenote_active":false,"_monsterinsights_sitenote_note":"","_monsterinsights_sitenote_category":0,"footnotes":""},"class_list":["post-898","page","type-page","status-publish","has-post-thumbnail","hentry"],"acf":[],"_links":{"self":[{"href":"https:\/\/ttc-teleport.cz\/en\/wp-json\/wp\/v2\/pages\/898","targetHints":{"allow":["GET"]}}],"collection":[{"href":"https:\/\/ttc-teleport.cz\/en\/wp-json\/wp\/v2\/pages"}],"about":[{"href":"https:\/\/ttc-teleport.cz\/en\/wp-json\/wp\/v2\/types\/page"}],"author":[{"embeddable":true,"href":"https:\/\/ttc-teleport.cz\/en\/wp-json\/wp\/v2\/users\/3"}],"replies":[{"embeddable":true,"href":"https:\/\/ttc-teleport.cz\/en\/wp-json\/wp\/v2\/comments?post=898"}],"version-history":[{"count":14,"href":"https:\/\/ttc-teleport.cz\/en\/wp-json\/wp\/v2\/pages\/898\/revisions"}],"predecessor-version":[{"id":1336,"href":"https:\/\/ttc-teleport.cz\/en\/wp-json\/wp\/v2\/pages\/898\/revisions\/1336"}],"wp:featuredmedia":[{"embeddable":true,"href":"https:\/\/ttc-teleport.cz\/en\/wp-json\/wp\/v2\/media\/574"}],"wp:attachment":[{"href":"https:\/\/ttc-teleport.cz\/en\/wp-json\/wp\/v2\/media?parent=898"}],"curies":[{"name":"wp","href":"https:\/\/api.w.org\/{rel}","templated":true}]}}