{"id":1191,"date":"2018-12-03T08:19:38","date_gmt":"2018-12-03T08:19:38","guid":{"rendered":"https:\/\/ttc-teleport.cz\/produkty\/"},"modified":"2024-02-23T15:11:52","modified_gmt":"2024-02-23T14:11:52","slug":"productos","status":"publish","type":"page","link":"https:\/\/ttc-teleport.cz\/es\/productos\/","title":{"rendered":"Productos"},"content":{"rendered":"<h2 style=\"text-align: center;\">\u00bfQU\u00c9 LE PODEMOS OFRECER?<\/h2>\n<p style=\"text-align: justify;\">Prestamos servicios individuales, enfocados en las reales necesidades y exigencias de los clientes. Siempre consultamos la soluci\u00f3n t\u00e9cnica del servicio con el cliente y cada cliente mismo determina los propios par\u00e1metros del servicio. As\u00ed los clientes pueden decidir libremente sobre la calidad del servicio a crear y comprar. No obligamos ni tratamos de convencer a los clientes a que acepten una soluci\u00f3n unificada. Para que el servicio final sea \u00fatil para el cliente, en la fase del proyecto facilitamos informaciones abiertas y no manipuladas. Tenemos preparada una cantidad incontable de variantes de nuestros servicios.<\/p>\n","protected":false},"excerpt":{"rendered":"<p>\u00bfQU\u00c9 LE PODEMOS OFRECER? Prestamos servicios individuales, enfocados en las reales necesidades y exigencias de los clientes. Siempre consultamos la soluci\u00f3n t\u00e9cnica del servicio con el cliente y cada cliente mismo determina los propios par\u00e1metros del servicio. As\u00ed los clientes pueden decidir libremente sobre la calidad del servicio a crear y comprar. No obligamos ni [&#8230;]<\/p>\n","protected":false},"author":1,"featured_media":0,"parent":0,"menu_order":0,"comment_status":"closed","ping_status":"closed","template":"page-products.php","meta":{"_acf_changed":false,"_monsterinsights_skip_tracking":false,"_monsterinsights_sitenote_active":false,"_monsterinsights_sitenote_note":"","_monsterinsights_sitenote_category":0,"footnotes":""},"class_list":["post-1191","page","type-page","status-publish","hentry"],"acf":[],"_links":{"self":[{"href":"https:\/\/ttc-teleport.cz\/es\/wp-json\/wp\/v2\/pages\/1191","targetHints":{"allow":["GET"]}}],"collection":[{"href":"https:\/\/ttc-teleport.cz\/es\/wp-json\/wp\/v2\/pages"}],"about":[{"href":"https:\/\/ttc-teleport.cz\/es\/wp-json\/wp\/v2\/types\/page"}],"author":[{"embeddable":true,"href":"https:\/\/ttc-teleport.cz\/es\/wp-json\/wp\/v2\/users\/1"}],"replies":[{"embeddable":true,"href":"https:\/\/ttc-teleport.cz\/es\/wp-json\/wp\/v2\/comments?post=1191"}],"version-history":[{"count":5,"href":"https:\/\/ttc-teleport.cz\/es\/wp-json\/wp\/v2\/pages\/1191\/revisions"}],"predecessor-version":[{"id":2196,"href":"https:\/\/ttc-teleport.cz\/es\/wp-json\/wp\/v2\/pages\/1191\/revisions\/2196"}],"wp:attachment":[{"href":"https:\/\/ttc-teleport.cz\/es\/wp-json\/wp\/v2\/media?parent=1191"}],"curies":[{"name":"wp","href":"https:\/\/api.w.org\/{rel}","templated":true}]}}