{"id":1195,"date":"2018-12-03T08:19:47","date_gmt":"2018-12-03T08:19:47","guid":{"rendered":"https:\/\/ttc-teleport.cz\/datova-centra\/"},"modified":"2019-04-29T17:05:34","modified_gmt":"2019-04-29T17:05:34","slug":"centros-de-datos","status":"publish","type":"page","link":"https:\/\/ttc-teleport.cz\/es\/centros-de-datos\/","title":{"rendered":"Centros de datos"},"content":{"rendered":"<h3 style=\"text-align: center;\">CENTROS DE DATOS DE CALIDAD<br \/>\nQUE NO COMPITEN CON SUS CLIENTES<\/h3>\n<p>La experiencia de muchos a\u00f1os adquirida gracias a la construcci\u00f3n y operaci\u00f3n del centro de datos TTC DC1 (Tiska\u0159sk\u00e1) nos ha servido como una buena base para dise\u00f1ar y construir el TTC DC2 (Saze\u010dsk\u00e1). Nuestros especialistas que participaron en la realizaci\u00f3n del TTC DC2 son, sin lugar a dudas,<strong> unos de los profesionales m\u00e1s experimentados en la esfera de dise\u00f1o, construcci\u00f3n y operaci\u00f3n de los centros de datos<\/strong>. Los servicios de alta calidad que prestamos representan el factor clave de nuestro \u00e9xito.<\/p>\n<p>En la actualidad poseemos y operamos <strong>dos centros de datos<\/strong> en el territorio de la capital de Praga. El primer centro de datos que es el TTC DC1 en la localidad de Tiska\u0159sk\u00e1 es operado y ampliado desde el a\u00f1o 2001. El otro centro de datos el cual se conoce por el acr\u00f3nimo TTC DC2 y radica en la localidad de Saze\u010dsk\u00e1 funciona desde el 1ro de noviembre de 2015. El centro de datos TTC DC2 es el c<strong>entro m\u00e1s grande y m\u00e1s sofisticado en toda Europa Central y del Este.<\/strong> Gracias a su equipamiento, perfecto nivel de seguridad y un modo singular de ofrecer servicios, el TTC DC2 va cambiando los estandartes de los centros de datos comerciales. En 2016 obtuvimos la certificaci\u00f3n TIER III y as\u00ed llegamos a cumplir las exigentes condiciones establecidas para los centros de datos m\u00e1s desarrollados en el mundo.<\/p>\n<p><!--more--><\/p>\n<p style=\"text-align: justify;\">TTC TELEPORT, como primero y por el momento \u00fanico en el mercado europeo, ofrece un entorno operativo (temperatura, humedad) que se adecua al est\u00e1ndar ASHRAE TC 9.9 \u2013 2011 Thermal Guidelines for Data Processing Environments y eso proporciona a nuestros clientes <strong>suficiente flexibilidad respecto a la optimizaci\u00f3n de los costos de operaci\u00f3n<\/strong>. El concepto completo de nuestros servicios est\u00e1 dise\u00f1ado de modo que sean disponibles para todos los grupos de clientes.<\/p>\n<p style=\"text-align: justify;\">En el espacio de TTC TELEPORT surge un 60% del tr\u00e1fico de Internet checo. En los centros de datos TTC se efect\u00faa el monitoreo y procesamiento en l\u00ednea de m\u00e1s de <strong>un mill\u00f3n de se\u00f1ales de operaci\u00f3n y seguridad por segundo<\/strong>. Estos datos operativos ofrecen una imagen general sobre el estado del nivel tecnol\u00f3gico del centro de datos. El sistema sofisticado de monitoreo es desarrollado constantemente, de modo que sea capaz de reaccionar a los requisitos del cliente, experiencias nuevas y novedades en el funcionamiento de los centros de datos.<\/p>\n<p style=\"text-align: justify;\">Entre los centros de datos TTC DC1 y TTC DC2 hemos construido una infraestructura \u00f3ptica de reserva (redundante) la cual sirve no solo a los clientes del centro de datos TTC sino que tambi\u00e9n es <strong>parte integrante de las l\u00edneas \u00f3pticas troncales de importantes operadores de telecomunicaciones que operan en el mercado local, europeo y mundial<\/strong>.<\/p>\n<p style=\"text-align: justify;\">Nuestra principal caracter\u00edstica es la <strong>neutralidad<\/strong> y transparencia <strong>absoluta<\/strong>. La filosof\u00eda de la neutralidad incluye tambi\u00e9n la esfera de acceso de los operadores de telecomunicaciones a todos los centros de datos TTC TELEPORT. En el centro de datos de TTC TELEPORT estamos dispuestos a satisfacer cada solicitud de implementaci\u00f3n de cualquier conducto de datos.<\/p>\n<p style=\"text-align: justify;\">Cada uno de nuestros centros de datos <strong>se alimenta de dos acometidas energ\u00e9ticas totalmente independientes 2 x 10MW (22kV) <\/strong>para asegurar una alimentaci\u00f3n de calidad y sin interrupciones. Las acometidas salen de dos subestaciones de distribuci\u00f3n independientes de 110 V&nbsp;(estaciones convertidoras), Male\u0161ice y M\u011bcholupy. TTC DC1 y TTC DC2 son los \u00fanicos centros de datos en la Rep\u00fablica Checa que disponen de estaciones interruptoras individuales de alto voltaje y un conducto de cable de 10 MW separado. <strong>Ning\u00fan otro cliente est\u00e1 conectado, ni se conectar\u00e1<\/strong>, a las acometidas el\u00e9ctricas de 22 kV. Este modelo singular de conexi\u00f3n de energ\u00eda el\u00e9ctrica se puede ver muy poco en los centros de datos de Europa.<\/p>\n","protected":false},"excerpt":{"rendered":"<p>CENTROS DE DATOS DE CALIDAD QUE NO COMPITEN CON SUS CLIENTES La experiencia de muchos a\u00f1os adquirida gracias a la construcci\u00f3n y operaci\u00f3n del centro de datos TTC DC1 (Tiska\u0159sk\u00e1) nos ha servido como una buena base para dise\u00f1ar y construir el TTC DC2 (Saze\u010dsk\u00e1). Nuestros especialistas que participaron en la realizaci\u00f3n del TTC DC2 [&#8230;]<\/p>\n","protected":false},"author":1,"featured_media":577,"parent":0,"menu_order":0,"comment_status":"closed","ping_status":"closed","template":"page-datova-centra.php","meta":{"_acf_changed":false,"_monsterinsights_skip_tracking":false,"_monsterinsights_sitenote_active":false,"_monsterinsights_sitenote_note":"","_monsterinsights_sitenote_category":0,"footnotes":""},"class_list":["post-1195","page","type-page","status-publish","has-post-thumbnail","hentry"],"acf":[],"_links":{"self":[{"href":"https:\/\/ttc-teleport.cz\/es\/wp-json\/wp\/v2\/pages\/1195","targetHints":{"allow":["GET"]}}],"collection":[{"href":"https:\/\/ttc-teleport.cz\/es\/wp-json\/wp\/v2\/pages"}],"about":[{"href":"https:\/\/ttc-teleport.cz\/es\/wp-json\/wp\/v2\/types\/page"}],"author":[{"embeddable":true,"href":"https:\/\/ttc-teleport.cz\/es\/wp-json\/wp\/v2\/users\/1"}],"replies":[{"embeddable":true,"href":"https:\/\/ttc-teleport.cz\/es\/wp-json\/wp\/v2\/comments?post=1195"}],"version-history":[{"count":4,"href":"https:\/\/ttc-teleport.cz\/es\/wp-json\/wp\/v2\/pages\/1195\/revisions"}],"predecessor-version":[{"id":1339,"href":"https:\/\/ttc-teleport.cz\/es\/wp-json\/wp\/v2\/pages\/1195\/revisions\/1339"}],"wp:featuredmedia":[{"embeddable":true,"href":"https:\/\/ttc-teleport.cz\/es\/wp-json\/wp\/v2\/media\/577"}],"wp:attachment":[{"href":"https:\/\/ttc-teleport.cz\/es\/wp-json\/wp\/v2\/media?parent=1195"}],"curies":[{"name":"wp","href":"https:\/\/api.w.org\/{rel}","templated":true}]}}