{"id":982,"date":"2019-04-01T19:03:29","date_gmt":"2019-04-01T19:03:29","guid":{"rendered":"https:\/\/ttc-teleport.cz\/?page_id=982"},"modified":"2019-04-16T10:24:07","modified_gmt":"2019-04-16T10:24:07","slug":"demo-del-portal","status":"publish","type":"page","link":"https:\/\/ttc-teleport.cz\/es\/demo-del-portal\/","title":{"rendered":"LA DEMO DEL PORTAL DE CLIENTES"},"content":{"rendered":"<p style=\"text-align: justify;\">El portal de clientes constituye el acceso de usuarios al sistema de supervisi\u00f3n y monitoreo TTC TELEPORT MIDS. En la versi\u00f3n DEMO est\u00e1 a disposici\u00f3n la visualizaci\u00f3n limitada, en l\u00ednea, de datos en forma de una vista gr\u00e1fica a determinadas salas de datos, grupos de equipos, tecnolog\u00edas y modelo l\u00f3gico del comportamiento de los diferentes componentes del centro de datos.<\/p>\n<p><strong><a href=\"https:\/\/portal.ttc-teleport.cz\/DC2\/L1\/\">Para iniciar<\/a>\u00a0sesi\u00f3n hay que introducir el nombre de usuario \u201edemo\u201c y la contrase\u00f1a \u201econtrase\u00f1a\u201c en\u00a0<a href=\"https:\/\/portal.ttc-teleport.cz\/DC2\/L1\/\">el formulario de autenticaci\u00f3n<\/a>.<\/strong><\/p>\n<p>Despu\u00e9s de iniciar sesi\u00f3n e inicializar las pantallas, aparecer\u00e1n los Se\u00f1aladores de pantallas en la parte superior izquierda. En la parte superior derecha se encuentra la transici\u00f3n a L2 (el m\u00f3dulo de gr\u00e1ficos) y el icono \u201e?\u201c para presentar la ayuda completa para el manejo. Despu\u00e9s de hacer clic en un determinado Objeto, en la parte derecha aparecer\u00e1n las se\u00f1ales. No se puede hacer clic en los objetos marcados en gris, la visualizaci\u00f3n es solo indicativa. Los objetos blancos contienen solo se\u00f1ales, los objetos de color cambian de color seg\u00fan el procesamiento del modelo l\u00f3gico. M\u00e1s informaciones aparecer\u00e1n despu\u00e9s de hacer clic en el icono \u201e?\u201c en la esquina derecha superior.<\/p>\n<p style=\"text-align: justify;\">S\u00edrvase a contactarnos, por favor, si necesita informaciones m\u00e1s detalladas acerca del sistema de supervisi\u00f3n y monitoreo TTC TELEPORT MIDS. Con mucho gusto explicaremos todas las ventajas que ofrece esta singular herramienta.<!--more--><\/p>\n<img loading=\"lazy\" decoding=\"async\" class=\"alignnone wp-image-891 size-full\" src=\"https:\/\/ttc-teleport.cz\/wp-content\/uploads\/sites\/5\/2019\/03\/demo_portalu-1.png\" alt=\"\" width=\"872\" height=\"267\" srcset=\"https:\/\/ttc-teleport.cz\/wp-content\/uploads\/sites\/5\/2019\/03\/demo_portalu-1.png 872w, https:\/\/ttc-teleport.cz\/wp-content\/uploads\/sites\/5\/2019\/03\/demo_portalu-1-300x92.png 300w, https:\/\/ttc-teleport.cz\/wp-content\/uploads\/sites\/5\/2019\/03\/demo_portalu-1-768x235.png 768w\" sizes=\"auto, (max-width: 872px) 100vw, 872px\" \/>\n","protected":false},"excerpt":{"rendered":"<p>El portal de clientes constituye el acceso de usuarios al sistema de supervisi\u00f3n y monitoreo TTC TELEPORT MIDS. En la versi\u00f3n DEMO est\u00e1 a disposici\u00f3n la visualizaci\u00f3n limitada, en l\u00ednea, de datos en forma de una vista gr\u00e1fica a determinadas salas de datos, grupos de equipos, tecnolog\u00edas y modelo l\u00f3gico del comportamiento de los diferentes [&#8230;]<\/p>\n","protected":false},"author":2,"featured_media":0,"parent":0,"menu_order":0,"comment_status":"closed","ping_status":"closed","template":"page-common.php","meta":{"_acf_changed":false,"_monsterinsights_skip_tracking":false,"_monsterinsights_sitenote_active":false,"_monsterinsights_sitenote_note":"","_monsterinsights_sitenote_category":0,"footnotes":""},"class_list":["post-982","page","type-page","status-publish","hentry"],"acf":[],"_links":{"self":[{"href":"https:\/\/ttc-teleport.cz\/es\/wp-json\/wp\/v2\/pages\/982","targetHints":{"allow":["GET"]}}],"collection":[{"href":"https:\/\/ttc-teleport.cz\/es\/wp-json\/wp\/v2\/pages"}],"about":[{"href":"https:\/\/ttc-teleport.cz\/es\/wp-json\/wp\/v2\/types\/page"}],"author":[{"embeddable":true,"href":"https:\/\/ttc-teleport.cz\/es\/wp-json\/wp\/v2\/users\/2"}],"replies":[{"embeddable":true,"href":"https:\/\/ttc-teleport.cz\/es\/wp-json\/wp\/v2\/comments?post=982"}],"version-history":[{"count":4,"href":"https:\/\/ttc-teleport.cz\/es\/wp-json\/wp\/v2\/pages\/982\/revisions"}],"predecessor-version":[{"id":1361,"href":"https:\/\/ttc-teleport.cz\/es\/wp-json\/wp\/v2\/pages\/982\/revisions\/1361"}],"wp:attachment":[{"href":"https:\/\/ttc-teleport.cz\/es\/wp-json\/wp\/v2\/media?parent=982"}],"curies":[{"name":"wp","href":"https:\/\/api.w.org\/{rel}","templated":true}]}}